{"id":87,"date":"2024-04-20T13:41:02","date_gmt":"2024-04-20T11:41:02","guid":{"rendered":"https:\/\/www.awo-wuelfrath.de\/awo-wuelfrath\/?page_id=87"},"modified":"2026-04-05T13:00:49","modified_gmt":"2026-04-05T13:00:49","slug":"datenschutzerklaerung","status":"publish","type":"page","link":"https:\/\/www.awo-wuelfrath.de\/?page_id=87","title":{"rendered":"Datenschutzerkl\u00e4rung"},"content":{"rendered":"\n<div class=\"wp-block-columns is-layout-flex wp-container-core-columns-is-layout-7387b849 wp-block-columns-is-layout-flex\">\n<div class=\"wp-block-column is-layout-flow wp-block-column-is-layout-flow\"><style>.wp-block-kadence-column.kb-section-dir-horizontal > .kt-inside-inner-col > .kt-info-box87_286de5-e3 .kt-blocks-info-box-link-wrap{max-width:unset;}.kt-info-box87_286de5-e3 .kt-blocks-info-box-link-wrap{border-top:5px solid var(--global-palette7, #eeeeee);border-right:5px solid var(--global-palette7, #eeeeee);border-bottom:5px solid var(--global-palette7, #eeeeee);border-left:5px solid var(--global-palette7, #eeeeee);border-top-left-radius:20px;border-top-right-radius:20px;border-bottom-right-radius:20px;border-bottom-left-radius:20px;background:#ffffff;padding-top:var(--global-kb-spacing-sm, 1.5rem);padding-right:var(--global-kb-spacing-sm, 1.5rem);padding-bottom:var(--global-kb-spacing-sm, 1.5rem);padding-left:var(--global-kb-spacing-sm, 1.5rem);margin-top:50px;}.kt-info-box87_286de5-e3 .kadence-info-box-icon-container .kt-info-svg-icon, .kt-info-box87_286de5-e3 .kt-info-svg-icon-flip, .kt-info-box87_286de5-e3 .kt-blocks-info-box-number{font-size:50px;}.kt-info-box87_286de5-e3 .kt-blocks-info-box-media{color:#cf2e2e;background:#ffffff;border-color:var(--global-palette7, #eeeeee);border-radius:200px;overflow:hidden;border-top-width:5px;border-right-width:5px;border-bottom-width:5px;border-left-width:5px;padding-top:20px;padding-right:20px;padding-bottom:20px;padding-left:20px;}.kt-info-box87_286de5-e3 .kt-blocks-info-box-media-container{margin-top:-75px;margin-right:0px;margin-bottom:20px;margin-left:0px;}.kt-info-box87_286de5-e3 .kt-blocks-info-box-media .kadence-info-box-image-intrisic img{border-radius:200px;}.kt-info-box87_286de5-e3 .kt-infobox-textcontent h2.kt-blocks-info-box-title{color:#cf2e2e;font-size:var(--global-kb-font-size-xl, 3rem);padding-top:0px;padding-right:0px;padding-bottom:0px;padding-left:0px;margin-top:5px;margin-right:0px;margin-bottom:10px;margin-left:0px;}.kt-info-box87_286de5-e3 .kt-infobox-textcontent .kt-blocks-info-box-text{color:#cf2e2e;}.wp-block-kadence-infobox.kt-info-box87_286de5-e3 .kt-blocks-info-box-text{font-size:var(--global-kb-font-size-md, 1.25rem);}.kt-info-box87_286de5-e3 .kt-blocks-info-box-learnmore{background:transparent;border-width:0px 0px 0px 0px;padding-top:4px;padding-right:8px;padding-bottom:4px;padding-left:8px;margin-top:10px;margin-right:0px;margin-bottom:10px;margin-left:0px;}.kt-info-box87_286de5-e3 .kt-blocks-info-box-link-wrap{box-shadow:0px 0px 0px 0px rgba(0, 0, 0, 0);}.kt-info-box87_286de5-e3 .kt-blocks-info-box-link-wrap:hover{box-shadow:0px 0px 14px 0px rgba(0, 0, 0, 0.2);}@media all and (max-width: 1024px){.kt-info-box87_286de5-e3 .kt-blocks-info-box-link-wrap{border-top:5px solid var(--global-palette7, #eeeeee);border-right:5px solid var(--global-palette7, #eeeeee);border-bottom:5px solid var(--global-palette7, #eeeeee);border-left:5px solid var(--global-palette7, #eeeeee);box-shadow:0px 0px 0px 0px rgba(0, 0, 0, 0);}}@media all and (max-width: 1024px){.kt-info-box87_286de5-e3 .kt-blocks-info-box-link-wrap:hover{box-shadow:0px 0px 14px 0px rgba(0, 0, 0, 0.2);}}@media all and (max-width: 767px){.kt-info-box87_286de5-e3 .kt-blocks-info-box-link-wrap{border-top:5px solid var(--global-palette7, #eeeeee);border-right:5px solid var(--global-palette7, #eeeeee);border-bottom:5px solid var(--global-palette7, #eeeeee);border-left:5px solid var(--global-palette7, #eeeeee);box-shadow:0px 0px 0px 0px rgba(0, 0, 0, 0);}.kt-info-box87_286de5-e3 .kt-blocks-info-box-link-wrap:hover{box-shadow:0px 0px 14px 0px rgba(0, 0, 0, 0.2);}}<\/style>\n<div class=\"wp-block-kadence-infobox kt-info-box87_286de5-e3\"><span class=\"kt-blocks-info-box-link-wrap info-box-link kt-blocks-info-box-media-align-top kt-info-halign-center\"><div class=\"kt-blocks-info-box-media-container\"><div class=\"kt-blocks-info-box-media kt-info-media-animate-none\"><div class=\"kadence-info-box-icon-container kt-info-icon-animate-none\"><div class=\"kadence-info-box-icon-inner-container\"><span class=\"kb-svg-icon-wrap kb-svg-icon-fas_info kt-info-svg-icon\"><svg viewBox=\"0 0 192 512\"  fill=\"currentColor\" xmlns=\"http:\/\/www.w3.org\/2000\/svg\"  aria-hidden=\"true\"><path d=\"M20 424.229h20V279.771H20c-11.046 0-20-8.954-20-20V212c0-11.046 8.954-20 20-20h112c11.046 0 20 8.954 20 20v212.229h20c11.046 0 20 8.954 20 20V492c0 11.046-8.954 20-20 20H20c-11.046 0-20-8.954-20-20v-47.771c0-11.046 8.954-20 20-20zM96 0C56.235 0 24 32.235 24 72s32.235 72 72 72 72-32.235 72-72S135.764 0 96 0z\"\/><\/svg><\/span><\/div><\/div><\/div><\/div><div class=\"kt-infobox-textcontent\"><h2 class=\"kt-blocks-info-box-title\">Datenschutzerkl\u00e4rung<br><\/h2><p class=\"kt-blocks-info-box-text\">AWO &#8211; Ortsverein W\u00fclfrath<\/p><\/div><\/span><\/div>\n\n\n<style>.wp-block-kadence-advancedbtn.kb-btns87_9a17e4-3b{gap:var(--global-kb-gap-xs, 0.5rem );justify-content:center;align-items:center;}.kt-btns87_9a17e4-3b .kt-button{font-weight:normal;font-style:normal;}.kt-btns87_9a17e4-3b .kt-btn-wrap-0{margin-right:5px;}.wp-block-kadence-advancedbtn.kt-btns87_9a17e4-3b .kt-btn-wrap-0 .kt-button{color:#555555;border-color:#555555;}.wp-block-kadence-advancedbtn.kt-btns87_9a17e4-3b .kt-btn-wrap-0 .kt-button:hover, .wp-block-kadence-advancedbtn.kt-btns87_9a17e4-3b .kt-btn-wrap-0 .kt-button:focus{color:#ffffff;border-color:#444444;}.wp-block-kadence-advancedbtn.kt-btns87_9a17e4-3b .kt-btn-wrap-0 .kt-button::before{display:none;}.wp-block-kadence-advancedbtn.kt-btns87_9a17e4-3b .kt-btn-wrap-0 .kt-button:hover, .wp-block-kadence-advancedbtn.kt-btns87_9a17e4-3b .kt-btn-wrap-0 .kt-button:focus{background:#444444;}<\/style>\n<div class=\"wp-block-kadence-advancedbtn kb-buttons-wrap kb-btns87_9a17e4-3b\"><style>ul.menu .wp-block-kadence-advancedbtn .kb-btn87_2b84a6-86.kb-button{width:initial;}.wp-block-kadence-advancedbtn .kb-btn87_2b84a6-86.kb-button{color:#cf2e2e;background:#ffffff;box-shadow:1px 1px 2px 0px rgba(0, 0, 0, 0.2);}<\/style><a class=\"kb-button kt-button button kb-btn87_2b84a6-86 kt-btn-size-standard kt-btn-width-type-auto kb-btn-global-inherit  kt-btn-has-text-true kt-btn-has-svg-true  wp-block-button__link wp-block-kadence-singlebtn\" href=\"https:\/\/www.awo-wuelfrath.de\/?page_id=85\"><span class=\"kt-btn-inner-text\">Impressum<\/span><span class=\"kb-svg-icon-wrap kb-svg-icon-fe_externalLink kt-btn-icon-side-right\"><svg viewBox=\"0 0 24 24\"  fill=\"none\" stroke=\"currentColor\" stroke-width=\"2\" stroke-linecap=\"round\" stroke-linejoin=\"round\" xmlns=\"http:\/\/www.w3.org\/2000\/svg\"  aria-hidden=\"true\"><path d=\"M18 13v6a2 2 0 0 1-2 2H5a2 2 0 0 1-2-2V8a2 2 0 0 1 2-2h6\"\/><polyline points=\"15 3 21 3 21 9\"\/><line x1=\"10\" y1=\"14\" x2=\"21\" y2=\"3\"\/><\/svg><\/span><\/a>\n\n<style>ul.menu .wp-block-kadence-advancedbtn .kb-btn87_b5bc2a-16.kb-button{width:initial;}.wp-block-kadence-advancedbtn .kb-btn87_b5bc2a-16.kb-button{color:#cf2e2e;background:#ffffff;box-shadow:1px 1px 2px 0px rgba(0, 0, 0, 0.2);}<\/style><a class=\"kb-button kt-button button kb-btn87_b5bc2a-16 kt-btn-size-standard kt-btn-width-type-auto kb-btn-global-inherit  kt-btn-has-text-true kt-btn-has-svg-true  wp-block-button__link wp-block-kadence-singlebtn\" href=\"https:\/\/www.awo-wuelfrath.de\/?page_id=12881\"><span class=\"kt-btn-inner-text\">Satzung<\/span><span class=\"kb-svg-icon-wrap kb-svg-icon-fe_externalLink kt-btn-icon-side-right\"><svg viewBox=\"0 0 24 24\"  fill=\"none\" stroke=\"currentColor\" stroke-width=\"2\" stroke-linecap=\"round\" stroke-linejoin=\"round\" xmlns=\"http:\/\/www.w3.org\/2000\/svg\"  aria-hidden=\"true\"><path d=\"M18 13v6a2 2 0 0 1-2 2H5a2 2 0 0 1-2-2V8a2 2 0 0 1 2-2h6\"\/><polyline points=\"15 3 21 3 21 9\"\/><line x1=\"10\" y1=\"14\" x2=\"21\" y2=\"3\"\/><\/svg><\/span><\/a><\/div>\n\n\n\n<p class=\"wp-block-paragraph\"><br>Vielen Dank f\u00fcr den Besuch auf unserer Webseite. Wir nehmen Datenschutz sehr ernst und sind bestrebt, im Rahmen unseres Webseitenangebotes Ihre personenbezogenen Daten zu sch\u00fctzen.AWO &#8211; Ortsverein W\u00fclfrath<\/p>\n\n\n\n<p class=\"wp-block-paragraph\">Unter personenbezogenen Daten verstehen wir alle Daten \u00fcber die pers\u00f6nlichen und sachlichen Verh\u00e4ltnisse einer nat\u00fcrlichen Person. Personenbezogene Daten, die auf unserer Webseite erhoben werden, werden ausschlie\u00dflich f\u00fcr eigene Zwecke verwendet.<\/p>\n\n\n\n<p class=\"wp-block-paragraph\">Verantwortlicher<br>Verantwortlich f\u00fcr die Datenverarbeitung im Sinne des Art. 4 Nr. 7 DS-GAWO-Ortsverein W\u00fclfrathVO ist:<\/p>\n\n\n\n<p class=\"wp-block-paragraph\">Arbeiterwohlfahrt (AWO)<\/p>\n\n\n\n<p class=\"wp-block-paragraph\">Kreisverband Mettmann e. V.<\/p>\n\n\n\n<p class=\"wp-block-paragraph\">Ortsverein W\u00fclfrath<\/p>\n\n\n\n<p class=\"wp-block-paragraph\">Schulstra\u00dfe 13<\/p>\n\n\n\n<p class=\"wp-block-paragraph\">42489 W\u00fclfrath<\/p>\n\n\n\n<p class=\"wp-block-paragraph\">Telefon: +492058775509<\/p>\n\n\n\n<p class=\"wp-block-paragraph\">Telefax: +492058788636<\/p>\n\n\n\n<p class=\"wp-block-paragraph\"><a href=\"mailto:info@awo-wuelfrath.de\">info@awo-wuelfrath.de<\/a><br>http.\/\/www.awo-wuelfrath.de<\/p>\n\n\n\n<p class=\"wp-block-paragraph\">Steuernummer: 139\/5880\/1431<\/p>\n\n\n\n<p class=\"wp-block-paragraph\">Peter Zwilling (1. Vorsitzender)<\/p>\n\n\n\n<p class=\"wp-block-paragraph\">verantwortlich nach \u00a77 Abs.1 TMG (Telemediengesetz)<\/p>\n\n\n\n<p class=\"wp-block-paragraph\">Betroffenrechte<br>Im Rahmen unserer Datenverarbeitung werden personenbezogene Daten von Ihnen verarbeitet. Es stehen Ihnen die Rechte aus dem Dritten Kapitel der DS-GVO gegen\u00fcber unserem Unternehmen zu.<\/p>\n\n\n\n<p class=\"wp-block-paragraph\">Bitte kontaktieren Sie uns zu Ihren Rechten unter den oben angegebenen Kontaktm\u00f6glichkeiten.<\/p>\n\n\n\n<p class=\"wp-block-paragraph\">Sie haben das Recht auf:<\/p>\n\n\n\n<p class=\"wp-block-paragraph\">Auskunft<br>Berichtigung<br>L\u00f6schung<br>Einschr\u00e4nkung der Verarbeitung<br>Mitteilungspflicht im Hinblick auf Berichtigung, L\u00f6schung oder Einschr\u00e4nkung der Verarbeitung<br>Daten\u00fcbertragbarkeit<br>Widerspruch<br>Ihnen steht zudem das Recht auf Beschwerde bei der Datenschutzaufsichtsbeh\u00f6rde zu.<\/p>\n\n\n\n<p class=\"wp-block-paragraph\">Logfiles<br>Im Rahmen der Nutzung unseres Internetangebotes werden die Verbindungsinformationen in den Server-Log-Dateien gespeichert.<\/p>\n\n\n\n<p class=\"wp-block-paragraph\">Zu diesen Informationen z\u00e4hlen:<\/p>\n\n\n\n<p class=\"wp-block-paragraph\">IP-Adresse des aufrufenden Systems<br>Browser-Informationen wie verwendetes Betriebssystem und Bildschirmaufl\u00f6sung<br>aufgerufene Webseite<br>Ursprungswebseite<br>Zeitpunkt des Aufrufs<br>Die Webserverprotokolle werden ausschlie\u00dflich zu Sicherheitszwecken verarbeitet.<\/p>\n\n\n\n<p class=\"wp-block-paragraph\">Wir verwenden die Protokolldaten nur f\u00fcr statistische Auswertungen zum Zweck des Betriebs, der Sicherheit und der Optimierung des Angebotes. Wir behalten uns jedoch vor, die Protokolldaten nachtr\u00e4glich zu \u00fcberpr\u00fcfen, wenn aufgrund konkreter Anhaltspunkte der berechtigte Verdacht einer rechtswidrigen Nutzung besteht.<\/p>\n\n\n\n<p class=\"wp-block-paragraph\">Cookies<br>Diese Webseite verwendet Cookies. Cookies sind Textdateien, die auf Ihrem Endger\u00e4t gespeichert werden. Cookies k\u00f6nnen beim Aufruf der Webseite von der Webseite ausgelesen, \u00fcbertragen und ge\u00e4ndert werden. Wir nutzen Cookies nur mit zuf\u00e4lligen, pseudonymen Identifikationsnummern. Diese Identifikationsnummern werden genutzt um Ihr Nutzungsverhalten auf unserer Webseite auszuwerten. Zu keinem Zeitpunkt wird das Nutzungsprofil dem Namen einer nat\u00fcrlichen Person zugeordnet. Wenn Sie spezielle Funktionen unserer Webseite nutzen, werden Cookies zus\u00e4tzlich f\u00fcr diese Funktionen verwendet.<\/p>\n\n\n\n<p class=\"wp-block-paragraph\">Es ist jederzeit m\u00f6glich, der Setzung von Cookies durch entsprechende \u00c4nderung der Einstellung im Internetbrowser zu widersprechen. Gesetzte Cookies k\u00f6nnen gel\u00f6scht werden. Es wird darauf hingewiesen, dass bei Deaktivierung von Cookies m\u00f6glicherweise nicht alle Funktionen unserer Internetseite vollumf\u00e4nglich genutzt werden k\u00f6nnen.<\/p>\n\n\n\n<p class=\"wp-block-paragraph\">Goolge Analytics<br>Diese Website benutzt Google Analytics, einen Webanalysedienst der Google Inc. (\u201eGoogle\u201c). Google Analytics verwendet sog. \u201eCookies\u201c, Textdateien, die auf Ihrem Computer gespeichert werden und die eine Analyse der Benutzung der Website durch Sie erm\u00f6glichen. Die durch den Cookie erzeugten Informationen \u00fcber Ihre Benutzung dieser Website werden in der Regel an einen Server von Google in den USA \u00fcbertragen und dort gespeichert. Im Falle der Aktivierung der IP-Anonymisierung auf dieser Webseite wird Ihre IP-Adresse von Google jedoch innerhalb von Mitgliedstaaten der Europ\u00e4ischen Union oder in anderen Vertragsstaaten des Abkommens \u00fcber den Europ\u00e4ischen Wirtschaftsraum zuvor gek\u00fcrzt. Nur in Ausnahmef\u00e4llen wird die volle IP-Adresse an einen Server von Google in den USA \u00fcbertragen und dort gek\u00fcrzt. Im Auftrag des Betreibers dieser Website wird Google diese Informationen benutzen, um Ihre Nutzung der Website auszuwerten, um Reports \u00fcber die Websiteaktivit\u00e4ten zusammenzustellen und um weitere mit der Websitenutzung und der Internetnutzung verbundene Dienstleistungen gegen\u00fcber dem Websitebetreiber zu erbringen. Die im Rahmen von Google Analytics von Ihrem Browser \u00fcbermittelte IP-Adresse wird nicht mit anderen Daten von Google zusammengef\u00fchrt. Sie k\u00f6nnen die Speicherung der Cookies durch eine entsprechende Einstellung Ihrer Browser-Software verhindern; wir weisen Sie jedoch darauf hin, dass Sie in diesem Fall gegebenenfalls nicht s\u00e4mtliche Funktionen dieser Website vollumf\u00e4nglich werden nutzen k\u00f6nnen. Sie k\u00f6nnen dar\u00fcber hinaus die Erfassung der durch das Cookie erzeugten und auf Ihre Nutzung der Website bezogenen Daten (inkl. Ihrer IP-Adresse) an Google sowie die Verarbeitung dieser Daten durch Google verhindern, indem sie das unter dem folgenden Link verf\u00fcgbare Browser-Plugin herunterladen und installieren <a href=\"http:\/\/tools.google.com\/dlpage\/gaoptout?hl=de.\">http:\/\/tools.google.com\/dlpage\/gaoptout?hl=de.<\/a>\u201c<\/p>\n\n\n\n<p class=\"wp-block-paragraph\">Sie k\u00f6nnen der Datenerhebung im Rahmen von Google Analytics widersprechen unter nachfolgendem Link: Widerspruch Google Analytics<\/p>\n\n\n\n<p class=\"wp-block-paragraph\">Wir haben mit der Google Germany GmbH \u2013 GOOGLE ANALYTICS DEUTSCHLAND einen Auftragsvertrag geschlossen, der sicherstellt, dass die personenbezogenen Daten ausschlie\u00dflich nach unseren Weisungen im Regelfall innerhalb Europas verarbeitet werden. Auf unserer Webseite ist die IP-Anonymisierung (IP-Masken-Methode) aktiviert, womit die IP\u2013Adresse automatisch anonymisiert wird.<\/p>\n\n\n\n<p class=\"wp-block-paragraph\">Weitere Informationen zu Google Analytics und zum Datenschutz erhalten Sie auf der Webseite <a href=\"https:\/\/www.google.com\/intl\/de\/analytics\/privacyoverview.html.\">https:\/\/www.google.com\/intl\/de\/analytics\/privacyoverview.html.<\/a><\/p>\n\n\n\n<p class=\"wp-block-paragraph\">Kontaktformular<br>Im Rahmen des Kontaktformulars haben Sie die M\u00f6glichkeit, beliebige Daten an uns zu senden. Die Daten werden von unserem Webserver per Mail an das E-Mail Postfach unseres Unternehmens weitergeleitet. Bitte beachten Sie, dass die Kommunikation \u00fcber das Kontaktformular nicht verschl\u00fcsselt erfolgt. Bitte nutzen Sie f\u00fcr vertrauliche Kommunikation aus eigenem Interesse einen sicheren Kommunikationskanal.<\/p>\n\n\n\n<p class=\"wp-block-paragraph\">Newsletterversand mit Clever Reach<br>Wenn Sie den auf der Webseite angebotenen Newsletter beziehen m\u00f6chten, ben\u00f6tigen wir von Ihnen eine E-Mail-Adresse sowie Informationen, welche uns die \u00dcberpr\u00fcfung gestatten, dass Sie der Inhaber der angegebenen E-Mail-Adresse und mit dem Empfang des Newsletters einverstanden sind.<\/p>\n\n\n\n<p class=\"wp-block-paragraph\">Zur Gew\u00e4hrleistung einer einverst\u00e4ndlichen Newsletter-Versendung nutzen wir das sogenannte Double-Opt-in-Verfahren. Im Zuge dessen l\u00e4sst sich der potentielle Empf\u00e4nger in einen Verteiler aufnehmen. Anschlie\u00dfend erh\u00e4lt der Nutzer durch eine Best\u00e4tigungs-E-Mail die M\u00f6glichkeit, die Anmeldung rechtssicher zu best\u00e4tigen. Nur wenn die Best\u00e4tigung erfolgt, wird die Adresse aktiv in den Verteiler aufgenommen. Erfolgt keine Best\u00e4tigung, werden die Daten innerhalb einer Woche gel\u00f6scht. Diese Daten verwenden wir ausschlie\u00dflich f\u00fcr den Versand der angeforderten Informationen.<\/p>\n\n\n\n<p class=\"wp-block-paragraph\">Als Newsletter Software wird CleverReach verwendet. Ihre Daten werden dabei an CleverReach GmbH &amp; Co. KG, M\u00fchlenstr. 43, 26180 Rastede, Deutschland, \u00fcbermittelt. CleverReach ist es dabei untersagt, Ihre Daten zu verkaufen und f\u00fcr andere Zwecke, als f\u00fcr den Versand von Newslettern zu nutzen. Hierzu haben wir mit CleverReach eine Vereinbarung zur Auftragsdatenverarbeitung abgeschlossen. Sie haben jederzeit die M\u00f6glichkeit, Anmeldung zum Newsletter zu wiederrufen.<\/p>\n\n\n\n<p class=\"wp-block-paragraph\">Gespeicherte Daten werden innerhalb einer Woche nach Abmeldung vom Newsletter automatisch gel\u00f6scht.<\/p>\n\n\n\n<p class=\"wp-block-paragraph\">Rechtsgrundlage der Verarbeitung<br>Die Rechtsgrundlage der Datenverarbeitung im Rahmen der EU Datenschutzgrundverordnung ergibt sich f\u00fcr unsere Datenverarbeitung aus Art. 6 DS-GVO. Im Einzelnen k\u00f6nnen sich, je nachdem in welcher Situation wir Ihre Daten verarbeiten, unterschiedliche Rechtsgrundlagen ergeben.<\/p>\n\n\n\n<p class=\"wp-block-paragraph\">Einwilligung<br>Soweit f\u00fcr Verarbeitungsvorg\u00e4nge personenbezogener Daten Ihre Einwilligung eingeholt wurde, ist Artikel 6 I a) DS-GVO die Rechtsgrundlage f\u00fcr die Datenverarbeitung. Eine erteilte Einwilligung kann jederzeit mit Wirkung f\u00fcr die Zukunft widerrufen werden.<\/p>\n\n\n\n<p class=\"wp-block-paragraph\">Vertrag<br>Bei der Verarbeitung von personenbezogenen Daten, die zur Erf\u00fcllung eines Vertrages, dessen Vertragspartei Sie sind, erhoben wurden, ist Artikel 6 I b) DS-GVO die Rechtsgrundlage. Dies gilt auch f\u00fcr Verarbeitungsvorg\u00e4nge, die zur Durchf\u00fchrung vorvertraglicher Ma\u00dfnahmen erforderlich sind.<\/p>\n\n\n\n<p class=\"wp-block-paragraph\">Gesetzliche Pflicht<br>Soweit eine Verarbeitung personenbezogener Daten zur Erf\u00fcllung einer rechtlichen Verpflichtung erforderlich ist, der unser Unternehmen unterliegt, dient Artikel 6 I c) DS-GVO als Rechtsgrundlage.<\/p>\n\n\n\n<p class=\"wp-block-paragraph\">Lebenswichtige Interessen<br>F\u00fcr den Fall, dass lebenswichtige Interessen von Ihnen oder einer anderen nat\u00fcrlichen Person eine Verarbeitung personenbezogener Daten erforderlich machen, ist Artikel 6 I d) DS-GVO die Rechtsgrundlage.<\/p>\n\n\n\n<p class=\"wp-block-paragraph\">Berechtigtes Interesse:<br>Ist die Verarbeitung zur Wahrung eines berechtigten Interesses unseres Unternehmens oder eines Dritten erforderlich und \u00fcberwiegen die Interessen, Grundrechte und Grundfreiheiten des Betroffenen das erstgenannte Interesse nicht, so dient Artikel 6 I f) DS-GVO als Rechtsgrundlage f\u00fcr die Verarbeitung. Das berechtigte Interesse unseres Unternehmens liegt in der Durchf\u00fchrung unserer Gesch\u00e4ftst\u00e4tigkeit.<\/p>\n\n\n\n<p class=\"wp-block-paragraph\">Datenschutzbeauftragter<\/p>\n\n\n\n<p class=\"wp-block-paragraph\">Peter Zwilling (1. Vorsitzender)<\/p>\n<\/div>\n<\/div>\n\n\n<style>.wp-block-kadence-spacer.kt-block-spacer-3588_ac73ce-7e .kt-block-spacer{height:60px;}.wp-block-kadence-spacer.kt-block-spacer-3588_ac73ce-7e .kt-divider{border-top-width:1px;height:1px;border-top-color:#eee;width:80%;border-top-style:solid;}<\/style>\n<div class=\"wp-block-kadence-spacer aligncenter kt-block-spacer-3588_ac73ce-7e\"><div class=\"kt-block-spacer kt-block-spacer-halign-center\"><hr class=\"kt-divider\"\/><\/div><\/div>\n\n\n\n<div class=\"wp-block-columns alignwide is-layout-flex wp-container-core-columns-is-layout-7387b849 wp-block-columns-is-layout-flex\">\n<div class=\"wp-block-column is-layout-flow wp-block-column-is-layout-flow\"><div class=\"wp-block-post-author\"><div class=\"wp-block-post-author__avatar\"><img alt='Peter Zwilling, Kulturteam und Sonderveranstaltungen' src='https:\/\/www.awo-wuelfrath.de\/wp-content\/uploads\/2024\/10\/cropped-Peter-Zwilling-Vorsitzender-1-scaled-1-20241031-082801-48x48.jpg' srcset='https:\/\/www.awo-wuelfrath.de\/wp-content\/uploads\/2024\/10\/cropped-Peter-Zwilling-Vorsitzender-1-scaled-1-20241031-082801-96x96.jpg 2x' class='avatar avatar-48 photo' height='48' width='48' \/><\/div><div class=\"wp-block-post-author__content\"><p class=\"wp-block-post-author__name\">Peter Zwilling<\/p><\/div><\/div><\/div>\n\n\n\n<div class=\"wp-block-column is-layout-flow wp-block-column-is-layout-flow\"><div class=\"wp-block-post-date\"><time datetime=\"2024-04-20T13:41:02+00:00\">20.04.2024<\/time><\/div><\/div>\n\n\n\n<div class=\"wp-block-column is-layout-flow wp-block-column-is-layout-flow\"><\/div>\n<\/div>\n","protected":false},"excerpt":{"rendered":"<p>Datenschutz<br \/>\nVielen Dank f\u00fcr den Besuch auf unserer Webseite. Wir nehmen Datenschutz sehr ernst und sind bestrebt, im Rahmen unseres Webseitenangebotes Ihre personenbezogenen Daten zu sch\u00fctzen.<\/p>\n<p>Unter personenbezogenen Daten verstehen wir alle Daten \u00fcber die pers\u00f6nlichen und sachlichen Verh\u00e4ltnisse einer nat\u00fcrlichen Person. Personenbezogene Daten, die auf unserer Webseite erhoben werden, werden ausschlie\u00dflich f\u00fcr eigene Zwecke verwendet.<\/p>\n","protected":false},"author":3,"featured_media":0,"parent":0,"menu_order":0,"comment_status":"closed","ping_status":"closed","template":"","meta":{"_crdt_document":"","iawp_total_views":22,"footnotes":""},"categories":[2],"tags":[],"class_list":["post-87","page","type-page","status-publish","hentry","category-allgemein"],"_links":{"self":[{"href":"https:\/\/www.awo-wuelfrath.de\/index.php?rest_route=\/wp\/v2\/pages\/87","targetHints":{"allow":["GET"]}}],"collection":[{"href":"https:\/\/www.awo-wuelfrath.de\/index.php?rest_route=\/wp\/v2\/pages"}],"about":[{"href":"https:\/\/www.awo-wuelfrath.de\/index.php?rest_route=\/wp\/v2\/types\/page"}],"author":[{"embeddable":true,"href":"https:\/\/www.awo-wuelfrath.de\/index.php?rest_route=\/wp\/v2\/users\/3"}],"replies":[{"embeddable":true,"href":"https:\/\/www.awo-wuelfrath.de\/index.php?rest_route=%2Fwp%2Fv2%2Fcomments&post=87"}],"version-history":[{"count":4,"href":"https:\/\/www.awo-wuelfrath.de\/index.php?rest_route=\/wp\/v2\/pages\/87\/revisions"}],"predecessor-version":[{"id":18059,"href":"https:\/\/www.awo-wuelfrath.de\/index.php?rest_route=\/wp\/v2\/pages\/87\/revisions\/18059"}],"wp:attachment":[{"href":"https:\/\/www.awo-wuelfrath.de\/index.php?rest_route=%2Fwp%2Fv2%2Fmedia&parent=87"}],"wp:term":[{"taxonomy":"category","embeddable":true,"href":"https:\/\/www.awo-wuelfrath.de\/index.php?rest_route=%2Fwp%2Fv2%2Fcategories&post=87"},{"taxonomy":"post_tag","embeddable":true,"href":"https:\/\/www.awo-wuelfrath.de\/index.php?rest_route=%2Fwp%2Fv2%2Ftags&post=87"}],"curies":[{"name":"wp","href":"https:\/\/api.w.org\/{rel}","templated":true}]}}