{"id":85,"date":"2020-04-20T13:40:00","date_gmt":"2020-04-20T11:40:00","guid":{"rendered":"https:\/\/www.awo-wuelfrath.de\/awo-wuelfrath\/?page_id=85"},"modified":"2026-04-05T12:59:40","modified_gmt":"2026-04-05T12:59:40","slug":"impressum","status":"publish","type":"page","link":"https:\/\/www.awo-wuelfrath.de\/?page_id=85","title":{"rendered":"Impressum"},"content":{"rendered":"<style>.wp-block-kadence-column.kb-section-dir-horizontal > .kt-inside-inner-col > .kt-info-box85_44ed4b-f5 .kt-blocks-info-box-link-wrap{max-width:unset;}.kt-info-box85_44ed4b-f5 .kt-blocks-info-box-link-wrap{border-top:5px solid var(--global-palette7, #eeeeee);border-right:5px solid var(--global-palette7, #eeeeee);border-bottom:5px solid var(--global-palette7, #eeeeee);border-left:5px solid var(--global-palette7, #eeeeee);border-top-left-radius:20px;border-top-right-radius:20px;border-bottom-right-radius:20px;border-bottom-left-radius:20px;background:#ffffff;padding-top:var(--global-kb-spacing-sm, 1.5rem);padding-right:var(--global-kb-spacing-sm, 1.5rem);padding-bottom:var(--global-kb-spacing-sm, 1.5rem);padding-left:var(--global-kb-spacing-sm, 1.5rem);margin-top:50px;}.kt-info-box85_44ed4b-f5 .kadence-info-box-icon-container .kt-info-svg-icon, .kt-info-box85_44ed4b-f5 .kt-info-svg-icon-flip, .kt-info-box85_44ed4b-f5 .kt-blocks-info-box-number{font-size:50px;}.kt-info-box85_44ed4b-f5 .kt-blocks-info-box-media{color:#cf2e2e;background:#ffffff;border-color:var(--global-palette7, #eeeeee);border-radius:200px;overflow:hidden;border-top-width:5px;border-right-width:5px;border-bottom-width:5px;border-left-width:5px;padding-top:20px;padding-right:20px;padding-bottom:20px;padding-left:20px;}.kt-info-box85_44ed4b-f5 .kt-blocks-info-box-media-container{margin-top:-75px;margin-right:0px;margin-bottom:20px;margin-left:0px;}.kt-info-box85_44ed4b-f5 .kt-blocks-info-box-media .kadence-info-box-image-intrisic img{border-radius:200px;}.kt-info-box85_44ed4b-f5 .kt-infobox-textcontent h2.kt-blocks-info-box-title{color:#cf2e2e;font-size:var(--global-kb-font-size-xl, 3rem);padding-top:0px;padding-right:0px;padding-bottom:0px;padding-left:0px;margin-top:5px;margin-right:0px;margin-bottom:10px;margin-left:0px;}.kt-info-box85_44ed4b-f5 .kt-infobox-textcontent .kt-blocks-info-box-text{color:#cf2e2e;}.wp-block-kadence-infobox.kt-info-box85_44ed4b-f5 .kt-blocks-info-box-text{font-size:var(--global-kb-font-size-md, 1.25rem);}.kt-info-box85_44ed4b-f5 .kt-blocks-info-box-learnmore{background:transparent;border-width:0px 0px 0px 0px;padding-top:4px;padding-right:8px;padding-bottom:4px;padding-left:8px;margin-top:10px;margin-right:0px;margin-bottom:10px;margin-left:0px;}.kt-info-box85_44ed4b-f5 .kt-blocks-info-box-link-wrap{box-shadow:0px 0px 0px 0px rgba(0, 0, 0, 0);}.kt-info-box85_44ed4b-f5 .kt-blocks-info-box-link-wrap:hover{box-shadow:0px 0px 14px 0px rgba(0, 0, 0, 0.2);}@media all and (max-width: 1024px){.kt-info-box85_44ed4b-f5 .kt-blocks-info-box-link-wrap{border-top:5px solid var(--global-palette7, #eeeeee);border-right:5px solid var(--global-palette7, #eeeeee);border-bottom:5px solid var(--global-palette7, #eeeeee);border-left:5px solid var(--global-palette7, #eeeeee);box-shadow:0px 0px 0px 0px rgba(0, 0, 0, 0);}}@media all and (max-width: 1024px){.kt-info-box85_44ed4b-f5 .kt-blocks-info-box-link-wrap:hover{box-shadow:0px 0px 14px 0px rgba(0, 0, 0, 0.2);}}@media all and (max-width: 767px){.kt-info-box85_44ed4b-f5 .kt-blocks-info-box-link-wrap{border-top:5px solid var(--global-palette7, #eeeeee);border-right:5px solid var(--global-palette7, #eeeeee);border-bottom:5px solid var(--global-palette7, #eeeeee);border-left:5px solid var(--global-palette7, #eeeeee);box-shadow:0px 0px 0px 0px rgba(0, 0, 0, 0);}.kt-info-box85_44ed4b-f5 .kt-blocks-info-box-link-wrap:hover{box-shadow:0px 0px 14px 0px rgba(0, 0, 0, 0.2);}}<\/style>\n<div class=\"wp-block-kadence-infobox kt-info-box85_44ed4b-f5\"><span class=\"kt-blocks-info-box-link-wrap info-box-link kt-blocks-info-box-media-align-top kt-info-halign-center\"><div class=\"kt-blocks-info-box-media-container\"><div class=\"kt-blocks-info-box-media kt-info-media-animate-none\"><div class=\"kadence-info-box-icon-container kt-info-icon-animate-none\"><div class=\"kadence-info-box-icon-inner-container\"><span class=\"kb-svg-icon-wrap kb-svg-icon-fas_info kt-info-svg-icon\"><svg viewBox=\"0 0 192 512\"  fill=\"currentColor\" xmlns=\"http:\/\/www.w3.org\/2000\/svg\"  aria-hidden=\"true\"><path d=\"M20 424.229h20V279.771H20c-11.046 0-20-8.954-20-20V212c0-11.046 8.954-20 20-20h112c11.046 0 20 8.954 20 20v212.229h20c11.046 0 20 8.954 20 20V492c0 11.046-8.954 20-20 20H20c-11.046 0-20-8.954-20-20v-47.771c0-11.046 8.954-20 20-20zM96 0C56.235 0 24 32.235 24 72s32.235 72 72 72 72-32.235 72-72S135.764 0 96 0z\"\/><\/svg><\/span><\/div><\/div><\/div><\/div><div class=\"kt-infobox-textcontent\"><h2 class=\"kt-blocks-info-box-title\">Impressum<br><\/h2><p class=\"kt-blocks-info-box-text\">AWO &#8211; Ortsverein W\u00fclfrath<\/p><\/div><\/span><\/div>\n\n\n<style>.wp-block-kadence-advancedbtn.kb-btns85_5c3961-53{gap:var(--global-kb-gap-xs, 0.5rem );justify-content:center;align-items:center;}.kt-btns85_5c3961-53 .kt-button{font-weight:normal;font-style:normal;}.kt-btns85_5c3961-53 .kt-btn-wrap-0{margin-right:5px;}.wp-block-kadence-advancedbtn.kt-btns85_5c3961-53 .kt-btn-wrap-0 .kt-button{color:#555555;border-color:#555555;}.wp-block-kadence-advancedbtn.kt-btns85_5c3961-53 .kt-btn-wrap-0 .kt-button:hover, .wp-block-kadence-advancedbtn.kt-btns85_5c3961-53 .kt-btn-wrap-0 .kt-button:focus{color:#ffffff;border-color:#444444;}.wp-block-kadence-advancedbtn.kt-btns85_5c3961-53 .kt-btn-wrap-0 .kt-button::before{display:none;}.wp-block-kadence-advancedbtn.kt-btns85_5c3961-53 .kt-btn-wrap-0 .kt-button:hover, .wp-block-kadence-advancedbtn.kt-btns85_5c3961-53 .kt-btn-wrap-0 .kt-button:focus{background:#444444;}<\/style>\n<div class=\"wp-block-kadence-advancedbtn kb-buttons-wrap kb-btns85_5c3961-53\"><style>ul.menu .wp-block-kadence-advancedbtn .kb-btn85_ce5655-87.kb-button{width:initial;}.wp-block-kadence-advancedbtn .kb-btn85_ce5655-87.kb-button{color:#cf2e2e;background:#ffffff;box-shadow:1px 1px 2px 0px rgba(0, 0, 0, 0.2);}<\/style><a class=\"kb-button kt-button button kb-btn85_ce5655-87 kt-btn-size-standard kt-btn-width-type-auto kb-btn-global-inherit  kt-btn-has-text-true kt-btn-has-svg-true  wp-block-button__link wp-block-kadence-singlebtn\" href=\"https:\/\/www.awo-wuelfrath.de\/?page_id=87\"><span class=\"kt-btn-inner-text\">Datenschutzerkl\u00e4rung<\/span><span class=\"kb-svg-icon-wrap kb-svg-icon-fe_externalLink kt-btn-icon-side-right\"><svg viewBox=\"0 0 24 24\"  fill=\"none\" stroke=\"currentColor\" stroke-width=\"2\" stroke-linecap=\"round\" stroke-linejoin=\"round\" xmlns=\"http:\/\/www.w3.org\/2000\/svg\"  aria-hidden=\"true\"><path d=\"M18 13v6a2 2 0 0 1-2 2H5a2 2 0 0 1-2-2V8a2 2 0 0 1 2-2h6\"\/><polyline points=\"15 3 21 3 21 9\"\/><line x1=\"10\" y1=\"14\" x2=\"21\" y2=\"3\"\/><\/svg><\/span><\/a>\n\n<style>ul.menu .wp-block-kadence-advancedbtn .kb-btn85_31732e-61.kb-button{width:initial;}.wp-block-kadence-advancedbtn .kb-btn85_31732e-61.kb-button{color:#cf2e2e;background:#ffffff;box-shadow:1px 1px 2px 0px rgba(0, 0, 0, 0.2);}<\/style><a class=\"kb-button kt-button button kb-btn85_31732e-61 kt-btn-size-standard kt-btn-width-type-auto kb-btn-global-inherit  kt-btn-has-text-true kt-btn-has-svg-true  wp-block-button__link wp-block-kadence-singlebtn\" href=\"https:\/\/www.awo-wuelfrath.de\/?page_id=12881\"><span class=\"kt-btn-inner-text\">Satzung<\/span><span class=\"kb-svg-icon-wrap kb-svg-icon-fe_externalLink kt-btn-icon-side-right\"><svg viewBox=\"0 0 24 24\"  fill=\"none\" stroke=\"currentColor\" stroke-width=\"2\" stroke-linecap=\"round\" stroke-linejoin=\"round\" xmlns=\"http:\/\/www.w3.org\/2000\/svg\"  aria-hidden=\"true\"><path d=\"M18 13v6a2 2 0 0 1-2 2H5a2 2 0 0 1-2-2V8a2 2 0 0 1 2-2h6\"\/><polyline points=\"15 3 21 3 21 9\"\/><line x1=\"10\" y1=\"14\" x2=\"21\" y2=\"3\"\/><\/svg><\/span><\/a><\/div>\n\n\n\n<div class=\"wp-block-columns is-layout-flex wp-container-core-columns-is-layout-7387b849 wp-block-columns-is-layout-flex\">\n<div class=\"wp-block-column is-layout-flow wp-block-column-is-layout-flow\">\n<h3 class=\"wp-block-heading\">Herausgeber<\/h3>\n\n\n\n<p class=\"wp-block-paragraph\">Arbeiterwohlfahrt (AWO)<\/p>\n\n\n\n<p class=\"wp-block-paragraph\">Kreisverband Mettmann e. V.&nbsp;<\/p>\n\n\n\n<p class=\"wp-block-paragraph\">Ortsverein W\u00fclfrath<\/p>\n\n\n\n<p class=\"wp-block-paragraph\">Schulstra\u00dfe 13<\/p>\n\n\n\n<p class=\"wp-block-paragraph\">42489 W\u00fclfrath<\/p>\n\n\n\n<p class=\"wp-block-paragraph\">Telefon: +492058775509<\/p>\n\n\n\n<p class=\"wp-block-paragraph\">Telefax: +492058788636<\/p>\n\n\n\n<p class=\"wp-block-paragraph\"><a href=\"mailto:info@awo-wuelfrath.de\">info@awo-wuelfrath.de<\/a><\/p>\n\n\n\n<p class=\"wp-block-paragraph\">http.\/\/www.awo-wuelfrath.de<\/p>\n\n\n\n<p class=\"wp-block-paragraph\">Steuernummer: 139\/5880\/1431AWO-Ortsverein W\u00fclfrath<\/p>\n\n\n\n<p class=\"wp-block-paragraph\">Peter Zwilling (1. Vorsitzender)Datenschutz<\/p>\n\n\n\n<p class=\"wp-block-paragraph\">verantwortlich nach \u00a77 Abs.1 TMG (Telemediengesetz)<\/p>\n\n\n\n<p class=\"wp-block-paragraph\"><strong>Haftung f\u00fcr Inhalte<\/strong><\/p>\n\n\n\n<p class=\"wp-block-paragraph\">Als Diensteanbieter sind wir gem\u00e4\u00df \u00a7 7 Abs.1 TMG f\u00fcr eigene Inhalte auf diesen Seiten nach den allgemeinen Gesetzen verantwortlich. Nach \u00a7\u00a7 8 bis 10 TMG sind wir als Diensteanbieter jedoch nicht verpflichtet, \u00fcbermittelte oder gespeicherte fremde Informationen zu \u00fcberwachen oder nach Umst\u00e4nden zu forschen, die auf eine rechtswidrige T\u00e4tigkeit hinweisen. Verpflichtungen zur Entfernung oder Sperrung der Nutzung von Informationen nach den allgemeinen Gesetzen bleiben hiervon unber\u00fchrt. Eine diesbez\u00fcgliche Haftung ist jedoch erst ab dem Zeitpunkt der Kenntnis einer konkreten Rechtsverletzung m\u00f6glich. Bei Bekanntwerden von entsprechenden Rechtsverletzungen werden wir diese Inhalte umgehend entfernen.<\/p>\n\n\n\n<p class=\"wp-block-paragraph\"><strong>Haftung f\u00fcr Links<\/strong><\/p>\n\n\n\n<p class=\"wp-block-paragraph\">Unsere Webseite enth\u00e4lt Links zu externen Webseiten Dritter, auf deren Inhalte wir keinen Einfluss haben. Deshalb k\u00f6nnen wir f\u00fcr diese fremden Inhalte auch keine Gew\u00e4hr \u00fcbernehmen. F\u00fcr die Inhalte der verlinkten Seiten ist stets der jeweilige Anbieter oder Betreiber der Seiten verantwortlich. Die verlinkten Seiten wurden zum Zeitpunkt der Verlinkung auf m\u00f6gliche Rechtsverst\u00f6\u00dfe \u00fcberpr\u00fcft. Rechtswidrige Inhalte waren zum Zeitpunkt der Verlinkung nicht erkennbar. Eine permanente inhaltliche Kontrolle der verlinkten Seiten ist jedoch ohne konkrete Anhaltspunkte einer Rechtsverletzung nicht zumutbar. Bei Bekanntwerden von Rechtsverletzungen werden wir derartige Links umgehend entfernen.<\/p>\n\n\n\n<p class=\"wp-block-paragraph\"><strong>Urheberrecht<\/strong><\/p>\n\n\n\n<p class=\"wp-block-paragraph\">Die durch die Seitenbetreiber erstellten Inhalte und Werke auf diesen Seiten unterliegen dem deutschen Urheberrecht. Die Vervielf\u00e4ltigung, Bearbeitung, Verbreitung und jede Art der Verwertung au\u00dferhalb der Grenzen des Urheberrechtes bed\u00fcrfen der schriftlichen Zustimmung des jeweiligen Autors bzw. Erstellers. Downloads und Kopien dieser Seite sind nur f\u00fcr den privaten, nicht kommerziellen Gebrauch gestattet. Soweit die Inhalte auf dieser Seite nicht vom Betreiber erstellt wurden, werden die Urheberrechte Dritter beachtet. Insbesondere werden Inhalte Dritter als solche gekennzeichnet. Sollten Sie trotzdem auf eine Urheberrechtsverletzung aufmerksam werden, bitten wir um einen entsprechenden Hinweis. Bei Bekanntwerden von Rechtsverletzungen werden wir derartige Inhalte umgehend entfernen.<\/p>\n<\/div>\n<\/div>\n\n\n<style>.wp-block-kadence-spacer.kt-block-spacer-3588_ac73ce-7e .kt-block-spacer{height:60px;}.wp-block-kadence-spacer.kt-block-spacer-3588_ac73ce-7e .kt-divider{border-top-width:1px;height:1px;border-top-color:#eee;width:80%;border-top-style:solid;}<\/style>\n<div class=\"wp-block-kadence-spacer aligncenter kt-block-spacer-3588_ac73ce-7e\"><div class=\"kt-block-spacer kt-block-spacer-halign-center\"><hr class=\"kt-divider\"\/><\/div><\/div>\n\n\n\n<div class=\"wp-block-columns alignwide is-layout-flex wp-container-core-columns-is-layout-7387b849 wp-block-columns-is-layout-flex\">\n<div class=\"wp-block-column is-layout-flow wp-block-column-is-layout-flow\"><div class=\"wp-block-post-author\"><div class=\"wp-block-post-author__avatar\"><img alt='Peter Zwilling, Kulturteam und Sonderveranstaltungen' src='https:\/\/www.awo-wuelfrath.de\/wp-content\/uploads\/2024\/10\/cropped-Peter-Zwilling-Vorsitzender-1-scaled-1-20241031-082801-48x48.jpg' srcset='https:\/\/www.awo-wuelfrath.de\/wp-content\/uploads\/2024\/10\/cropped-Peter-Zwilling-Vorsitzender-1-scaled-1-20241031-082801-96x96.jpg 2x' class='avatar avatar-48 photo' height='48' width='48' \/><\/div><div class=\"wp-block-post-author__content\"><p class=\"wp-block-post-author__name\">Peter Zwilling<\/p><\/div><\/div><\/div>\n\n\n\n<div class=\"wp-block-column is-layout-flow wp-block-column-is-layout-flow\"><div class=\"wp-block-post-date\"><time datetime=\"2020-04-20T13:40:00+00:00\">20.04.2020<\/time><\/div><\/div>\n\n\n\n<div class=\"wp-block-column is-layout-flow wp-block-column-is-layout-flow\"><div class=\"taxonomy-post_tag wp-block-post-terms\"><a href=\"https:\/\/www.awo-wuelfrath.de\/?tag=awo-wuelfrath\" rel=\"tag\">AWO W\u00fclfrath<\/a><span class=\"wp-block-post-terms__separator\">, <\/span><a href=\"https:\/\/www.awo-wuelfrath.de\/?tag=ueber-uns\" rel=\"tag\">\u00dcber uns<\/a><\/div><\/div>\n<\/div>\n","protected":false},"excerpt":{"rendered":"<p>Herausgeber<br \/>\nArbeiterwohlfahrt (AWO)<br \/>\nKreisverband Mettmann e. V.\u00a0<br \/>\nOrtsverein W\u00fclfrath<br \/>\nSchulstra\u00dfe 13<br \/>\n42489 W\u00fclfrath<br \/>\nTelefon: +492058775509<br \/>\nTelefax: +492058788636<br \/>\ninfo@awo-wuelfrath.de<br \/>\nhttp.\/\/www.awo-wuelfrath.de<br \/>\nSteuernummer: 139\/5880\/1431<br \/>\nPeter Zwilling (1. Vorsitzender)<br \/>\nverantwortlich nach \u00a77 Abs.1 TMG (Telemediengesetz)<\/p>\n","protected":false},"author":3,"featured_media":0,"parent":0,"menu_order":0,"comment_status":"closed","ping_status":"closed","template":"","meta":{"_crdt_document":"","iawp_total_views":149,"footnotes":""},"categories":[2],"tags":[38,82],"class_list":["post-85","page","type-page","status-publish","hentry","category-allgemein","tag-awo-wuelfrath","tag-ueber-uns"],"_links":{"self":[{"href":"https:\/\/www.awo-wuelfrath.de\/index.php?rest_route=\/wp\/v2\/pages\/85","targetHints":{"allow":["GET"]}}],"collection":[{"href":"https:\/\/www.awo-wuelfrath.de\/index.php?rest_route=\/wp\/v2\/pages"}],"about":[{"href":"https:\/\/www.awo-wuelfrath.de\/index.php?rest_route=\/wp\/v2\/types\/page"}],"author":[{"embeddable":true,"href":"https:\/\/www.awo-wuelfrath.de\/index.php?rest_route=\/wp\/v2\/users\/3"}],"replies":[{"embeddable":true,"href":"https:\/\/www.awo-wuelfrath.de\/index.php?rest_route=%2Fwp%2Fv2%2Fcomments&post=85"}],"version-history":[{"count":12,"href":"https:\/\/www.awo-wuelfrath.de\/index.php?rest_route=\/wp\/v2\/pages\/85\/revisions"}],"predecessor-version":[{"id":12996,"href":"https:\/\/www.awo-wuelfrath.de\/index.php?rest_route=\/wp\/v2\/pages\/85\/revisions\/12996"}],"wp:attachment":[{"href":"https:\/\/www.awo-wuelfrath.de\/index.php?rest_route=%2Fwp%2Fv2%2Fmedia&parent=85"}],"wp:term":[{"taxonomy":"category","embeddable":true,"href":"https:\/\/www.awo-wuelfrath.de\/index.php?rest_route=%2Fwp%2Fv2%2Fcategories&post=85"},{"taxonomy":"post_tag","embeddable":true,"href":"https:\/\/www.awo-wuelfrath.de\/index.php?rest_route=%2Fwp%2Fv2%2Ftags&post=85"}],"curies":[{"name":"wp","href":"https:\/\/api.w.org\/{rel}","templated":true}]}}